{"id":32911,"date":"2025-07-18T17:00:38","date_gmt":"2025-07-18T15:00:38","guid":{"rendered":"https:\/\/www.bawer.it\/product\/table-dinspection-822t32\/"},"modified":"2025-07-18T17:00:38","modified_gmt":"2025-07-18T15:00:38","slug":"table-dinspection-822t32","status":"publish","type":"product","link":"https:\/\/www.bawer.it\/fr\/product\/table-dinspection-822t32\/","title":{"rendered":"Table d&rsquo;inspection 822T32"},"content":{"rendered":"","protected":false},"featured_media":32919,"menu_order":395,"template":"","meta":{"_acf_changed":false,"inline_featured_image":false,"footnotes":""},"product-master":[186,273],"product-material":[],"class_list":["post-32911","product","type-product","status-publish","has-post-thumbnail","hentry","product-master-medical","product-master-tableaux"],"acf":[],"yoast_head":"<!-- This site is optimized with the Yoast SEO plugin v27.0 - https:\/\/yoast.com\/product\/yoast-seo-wordpress\/ -->\n<title>Table d&#039;inspection 822T32 &#8212; Bawer<\/title>\n<meta name=\"robots\" content=\"index, follow, max-snippet:-1, max-image-preview:large, max-video-preview:-1\" \/>\n<link rel=\"canonical\" href=\"https:\/\/www.bawer.it\/product\/table-dinspection-822t32\/\" \/>\n<meta property=\"og:locale\" content=\"fr_FR\" \/>\n<meta property=\"og:type\" content=\"article\" \/>\n<meta property=\"og:title\" content=\"Table d&#039;inspection 822T32 &#8212; Bawer\" \/>\n<meta property=\"og:description\" content=\"n n n La table d&#039;inspection pliable r\u00e9siste \u00e0 de lourdes charges, ce qui la rend id\u00e9ale pour une utilisation en zones st\u00e9riles, en laboratoire et en pharmacie. Ses dimensions g\u00e9n\u00e9reuses permettent de travailler confortablement avec de grands champs op\u00e9ratoires. Le travail peut \u00eatre effectu\u00e9 confortablement debout ou assis. n  n n n n Il est \u00e9quip\u00e9 d&#039;un plan de travail composite en acier et contreplaqu\u00e9 marin et d&#039;une surface d&#039;inspection \u00e9clair\u00e9e par LED (CCT 5700\u00b0K - IP54) n n n n n n n n\" \/>\n<meta property=\"og:url\" content=\"https:\/\/www.bawer.it\/product\/table-dinspection-822t32\/\" \/>\n<meta property=\"og:site_name\" content=\"Bawer\" \/>\n<meta property=\"article:publisher\" content=\"https:\/\/www.facebook.com\/Bawerspa1\" \/>\n<meta property=\"og:image\" content=\"https:\/\/bawer-static-wp.s3.eu-west-1.amazonaws.com\/wp-content\/uploads\/2025\/09\/22172724\/bawer-social.jpg\" \/>\n\t<meta property=\"og:image:width\" content=\"1200\" \/>\n\t<meta property=\"og:image:height\" content=\"627\" \/>\n\t<meta property=\"og:image:type\" content=\"image\/jpeg\" \/>\n<meta name=\"twitter:card\" content=\"summary_large_image\" \/>\n<script type=\"application\/ld+json\" class=\"yoast-schema-graph\">{\"@context\":\"https:\/\/schema.org\",\"@graph\":[{\"@type\":\"WebPage\",\"@id\":\"https:\/\/www.bawer.it\/product\/table-dinspection-822t32\/\",\"url\":\"https:\/\/www.bawer.it\/product\/table-dinspection-822t32\/\",\"name\":\"Table d'inspection 822T32 &#8212; Bawer\",\"isPartOf\":{\"@id\":\"https:\/\/www.bawer.it\/#website\"},\"primaryImageOfPage\":{\"@id\":\"https:\/\/www.bawer.it\/product\/table-dinspection-822t32\/#primaryimage\"},\"image\":{\"@id\":\"https:\/\/www.bawer.it\/product\/table-dinspection-822t32\/#primaryimage\"},\"thumbnailUrl\":\"https:\/\/www.bawer.it\/wp-content\/uploads\/2025\/07\/822T32_A.png\",\"datePublished\":\"2025-07-18T15:00:38+00:00\",\"breadcrumb\":{\"@id\":\"https:\/\/www.bawer.it\/product\/table-dinspection-822t32\/#breadcrumb\"},\"inLanguage\":\"fr-FR\",\"potentialAction\":[{\"@type\":\"ReadAction\",\"target\":[\"https:\/\/www.bawer.it\/product\/table-dinspection-822t32\/\"]}]},{\"@type\":\"ImageObject\",\"inLanguage\":\"fr-FR\",\"@id\":\"https:\/\/www.bawer.it\/product\/table-dinspection-822t32\/#primaryimage\",\"url\":\"https:\/\/www.bawer.it\/wp-content\/uploads\/2025\/07\/822T32_A.png\",\"contentUrl\":\"https:\/\/www.bawer.it\/wp-content\/uploads\/2025\/07\/822T32_A.png\",\"width\":936,\"height\":936},{\"@type\":\"BreadcrumbList\",\"@id\":\"https:\/\/www.bawer.it\/product\/table-dinspection-822t32\/#breadcrumb\",\"itemListElement\":[{\"@type\":\"ListItem\",\"position\":1,\"name\":\"Home\",\"item\":\"https:\/\/www.bawer.it\/fr\/\"},{\"@type\":\"ListItem\",\"position\":2,\"name\":\"Table d&#8217;inspection 822T32\"}]},{\"@type\":\"WebSite\",\"@id\":\"https:\/\/www.bawer.it\/#website\",\"url\":\"https:\/\/www.bawer.it\/\",\"name\":\"Bawer\",\"description\":\"Con\u00e7oit et fabrique des produits pour les industries automobile, m\u00e9dicale et mus\u00e9ale.\",\"publisher\":{\"@id\":\"https:\/\/www.bawer.it\/#organization\"},\"potentialAction\":[{\"@type\":\"SearchAction\",\"target\":{\"@type\":\"EntryPoint\",\"urlTemplate\":\"https:\/\/www.bawer.it\/?s={search_term_string}\"},\"query-input\":{\"@type\":\"PropertyValueSpecification\",\"valueRequired\":true,\"valueName\":\"search_term_string\"}}],\"inLanguage\":\"fr-FR\"},{\"@type\":\"Organization\",\"@id\":\"https:\/\/www.bawer.it\/#organization\",\"name\":\"Bawer\",\"url\":\"https:\/\/www.bawer.it\/\",\"logo\":{\"@type\":\"ImageObject\",\"inLanguage\":\"fr-FR\",\"@id\":\"https:\/\/www.bawer.it\/#\/schema\/logo\/image\/\",\"url\":\"https:\/\/www.bawer.it\/wp-content\/uploads\/2025\/07\/bw-scaled.jpg\",\"contentUrl\":\"https:\/\/www.bawer.it\/wp-content\/uploads\/2025\/07\/bw-scaled.jpg\",\"width\":2560,\"height\":1344,\"caption\":\"Bawer\"},\"image\":{\"@id\":\"https:\/\/www.bawer.it\/#\/schema\/logo\/image\/\"},\"sameAs\":[\"https:\/\/www.facebook.com\/Bawerspa1\",\"https:\/\/linkedin.com\/company\/bawer-s.p.a.\",\"https:\/\/www.youtube.com\/channel\/UCpKl8FsDknpPLOWyf3hA0IA\",\"https:\/\/www.instagram.com\/bawer_spa\/\"]}]}<\/script>\n<!-- \/ Yoast SEO plugin. -->","yoast_head_json":{"title":"Table d'inspection 822T32 &#8212; Bawer","robots":{"index":"index","follow":"follow","max-snippet":"max-snippet:-1","max-image-preview":"max-image-preview:large","max-video-preview":"max-video-preview:-1"},"canonical":"https:\/\/www.bawer.it\/product\/table-dinspection-822t32\/","og_locale":"fr_FR","og_type":"article","og_title":"Table d'inspection 822T32 &#8212; Bawer","og_description":"n n n La table d'inspection pliable r\u00e9siste \u00e0 de lourdes charges, ce qui la rend id\u00e9ale pour une utilisation en zones st\u00e9riles, en laboratoire et en pharmacie. Ses dimensions g\u00e9n\u00e9reuses permettent de travailler confortablement avec de grands champs op\u00e9ratoires. Le travail peut \u00eatre effectu\u00e9 confortablement debout ou assis. n  n n n n Il est \u00e9quip\u00e9 d'un plan de travail composite en acier et contreplaqu\u00e9 marin et d'une surface d'inspection \u00e9clair\u00e9e par LED (CCT 5700\u00b0K - IP54) n n n n n n n n","og_url":"https:\/\/www.bawer.it\/product\/table-dinspection-822t32\/","og_site_name":"Bawer","article_publisher":"https:\/\/www.facebook.com\/Bawerspa1","og_image":[{"width":1200,"height":627,"url":"https:\/\/bawer-static-wp.s3.eu-west-1.amazonaws.com\/wp-content\/uploads\/2025\/09\/22172724\/bawer-social.jpg","type":"image\/jpeg"}],"twitter_card":"summary_large_image","schema":{"@context":"https:\/\/schema.org","@graph":[{"@type":"WebPage","@id":"https:\/\/www.bawer.it\/product\/table-dinspection-822t32\/","url":"https:\/\/www.bawer.it\/product\/table-dinspection-822t32\/","name":"Table d'inspection 822T32 &#8212; Bawer","isPartOf":{"@id":"https:\/\/www.bawer.it\/#website"},"primaryImageOfPage":{"@id":"https:\/\/www.bawer.it\/product\/table-dinspection-822t32\/#primaryimage"},"image":{"@id":"https:\/\/www.bawer.it\/product\/table-dinspection-822t32\/#primaryimage"},"thumbnailUrl":"https:\/\/www.bawer.it\/wp-content\/uploads\/2025\/07\/822T32_A.png","datePublished":"2025-07-18T15:00:38+00:00","breadcrumb":{"@id":"https:\/\/www.bawer.it\/product\/table-dinspection-822t32\/#breadcrumb"},"inLanguage":"fr-FR","potentialAction":[{"@type":"ReadAction","target":["https:\/\/www.bawer.it\/product\/table-dinspection-822t32\/"]}]},{"@type":"ImageObject","inLanguage":"fr-FR","@id":"https:\/\/www.bawer.it\/product\/table-dinspection-822t32\/#primaryimage","url":"https:\/\/www.bawer.it\/wp-content\/uploads\/2025\/07\/822T32_A.png","contentUrl":"https:\/\/www.bawer.it\/wp-content\/uploads\/2025\/07\/822T32_A.png","width":936,"height":936},{"@type":"BreadcrumbList","@id":"https:\/\/www.bawer.it\/product\/table-dinspection-822t32\/#breadcrumb","itemListElement":[{"@type":"ListItem","position":1,"name":"Home","item":"https:\/\/www.bawer.it\/fr\/"},{"@type":"ListItem","position":2,"name":"Table d&#8217;inspection 822T32"}]},{"@type":"WebSite","@id":"https:\/\/www.bawer.it\/#website","url":"https:\/\/www.bawer.it\/","name":"Bawer","description":"Con\u00e7oit et fabrique des produits pour les industries automobile, m\u00e9dicale et mus\u00e9ale.","publisher":{"@id":"https:\/\/www.bawer.it\/#organization"},"potentialAction":[{"@type":"SearchAction","target":{"@type":"EntryPoint","urlTemplate":"https:\/\/www.bawer.it\/?s={search_term_string}"},"query-input":{"@type":"PropertyValueSpecification","valueRequired":true,"valueName":"search_term_string"}}],"inLanguage":"fr-FR"},{"@type":"Organization","@id":"https:\/\/www.bawer.it\/#organization","name":"Bawer","url":"https:\/\/www.bawer.it\/","logo":{"@type":"ImageObject","inLanguage":"fr-FR","@id":"https:\/\/www.bawer.it\/#\/schema\/logo\/image\/","url":"https:\/\/www.bawer.it\/wp-content\/uploads\/2025\/07\/bw-scaled.jpg","contentUrl":"https:\/\/www.bawer.it\/wp-content\/uploads\/2025\/07\/bw-scaled.jpg","width":2560,"height":1344,"caption":"Bawer"},"image":{"@id":"https:\/\/www.bawer.it\/#\/schema\/logo\/image\/"},"sameAs":["https:\/\/www.facebook.com\/Bawerspa1","https:\/\/linkedin.com\/company\/bawer-s.p.a.","https:\/\/www.youtube.com\/channel\/UCpKl8FsDknpPLOWyf3hA0IA","https:\/\/www.instagram.com\/bawer_spa\/"]}]}},"_links":{"self":[{"href":"https:\/\/www.bawer.it\/fr\/wp-json\/wp\/v2\/product\/32911","targetHints":{"allow":["GET"]}}],"collection":[{"href":"https:\/\/www.bawer.it\/fr\/wp-json\/wp\/v2\/product"}],"about":[{"href":"https:\/\/www.bawer.it\/fr\/wp-json\/wp\/v2\/types\/product"}],"version-history":[{"count":0,"href":"https:\/\/www.bawer.it\/fr\/wp-json\/wp\/v2\/product\/32911\/revisions"}],"wp:featuredmedia":[{"embeddable":true,"href":"https:\/\/www.bawer.it\/fr\/wp-json\/wp\/v2\/media\/32919"}],"wp:attachment":[{"href":"https:\/\/www.bawer.it\/fr\/wp-json\/wp\/v2\/media?parent=32911"}],"wp:term":[{"taxonomy":"product-master","embeddable":true,"href":"https:\/\/www.bawer.it\/fr\/wp-json\/wp\/v2\/product-master?post=32911"},{"taxonomy":"product-material","embeddable":true,"href":"https:\/\/www.bawer.it\/fr\/wp-json\/wp\/v2\/product-material?post=32911"}],"curies":[{"name":"wp","href":"https:\/\/api.w.org\/{rel}","templated":true}]}}