{"id":32373,"date":"2025-07-18T16:50:52","date_gmt":"2025-07-18T14:50:52","guid":{"rendered":"https:\/\/www.bawer.it\/product\/boite-a-outils-serie-2-v23\/"},"modified":"2026-03-25T15:30:26","modified_gmt":"2026-03-25T13:30:26","slug":"boite-a-outils-serie-2-v23","status":"publish","type":"product","link":"https:\/\/www.bawer.it\/fr\/product\/boite-a-outils-serie-2-v23\/","title":{"rendered":"V23"},"content":{"rendered":"","protected":false},"featured_media":38196,"menu_order":747,"template":"","meta":{"_acf_changed":false,"inline_featured_image":false,"footnotes":""},"product-master":[238,242,510],"product-material":[],"class_list":["post-32373","product","type-product","status-publish","has-post-thumbnail","hentry","product-master-automobile","product-master-tailored-toolbox","product-master-series-20-23-toolbox"],"acf":[],"yoast_head":"<!-- This site is optimized with the Yoast SEO plugin v27.0 - https:\/\/yoast.com\/product\/yoast-seo-wordpress\/ -->\n<title>V23 &#8212; Bawer<\/title>\n<meta name=\"robots\" content=\"index, follow, max-snippet:-1, max-image-preview:large, max-video-preview:-1\" \/>\n<link rel=\"canonical\" href=\"https:\/\/www.bawer.it\/fr\/product\/boite-a-outils-serie-2-v23\/\" \/>\n<meta property=\"og:locale\" content=\"fr_FR\" \/>\n<meta property=\"og:type\" content=\"article\" \/>\n<meta property=\"og:title\" content=\"V23 &#8212; Bawer\" \/>\n<meta property=\"og:url\" content=\"https:\/\/www.bawer.it\/fr\/product\/boite-a-outils-serie-2-v23\/\" \/>\n<meta property=\"og:site_name\" content=\"Bawer\" \/>\n<meta property=\"article:publisher\" content=\"https:\/\/www.facebook.com\/Bawerspa1\" \/>\n<meta property=\"article:modified_time\" content=\"2026-03-25T13:30:26+00:00\" \/>\n<meta property=\"og:image\" content=\"https:\/\/www.bawer.it\/wp-content\/uploads\/2025\/07\/v23-1-scaled.png\" \/>\n\t<meta property=\"og:image:width\" content=\"2560\" \/>\n\t<meta property=\"og:image:height\" content=\"2560\" \/>\n\t<meta property=\"og:image:type\" content=\"image\/png\" \/>\n<meta name=\"twitter:card\" content=\"summary_large_image\" \/>\n<meta name=\"twitter:label1\" content=\"Dur\u00e9e de lecture estim\u00e9e\" \/>\n\t<meta name=\"twitter:data1\" content=\"1 minute\" \/>\n<script type=\"application\/ld+json\" class=\"yoast-schema-graph\">{\"@context\":\"https:\/\/schema.org\",\"@graph\":[{\"@type\":\"WebPage\",\"@id\":\"https:\/\/www.bawer.it\/fr\/product\/boite-a-outils-serie-2-v23\/\",\"url\":\"https:\/\/www.bawer.it\/fr\/product\/boite-a-outils-serie-2-v23\/\",\"name\":\"V23 &#8212; Bawer\",\"isPartOf\":{\"@id\":\"https:\/\/www.bawer.it\/#website\"},\"primaryImageOfPage\":{\"@id\":\"https:\/\/www.bawer.it\/fr\/product\/boite-a-outils-serie-2-v23\/#primaryimage\"},\"image\":{\"@id\":\"https:\/\/www.bawer.it\/fr\/product\/boite-a-outils-serie-2-v23\/#primaryimage\"},\"thumbnailUrl\":\"https:\/\/www.bawer.it\/wp-content\/uploads\/2025\/07\/v23-1-scaled.png\",\"datePublished\":\"2025-07-18T14:50:52+00:00\",\"dateModified\":\"2026-03-25T13:30:26+00:00\",\"breadcrumb\":{\"@id\":\"https:\/\/www.bawer.it\/fr\/product\/boite-a-outils-serie-2-v23\/#breadcrumb\"},\"inLanguage\":\"fr-FR\",\"potentialAction\":[{\"@type\":\"ReadAction\",\"target\":[\"https:\/\/www.bawer.it\/fr\/product\/boite-a-outils-serie-2-v23\/\"]}]},{\"@type\":\"ImageObject\",\"inLanguage\":\"fr-FR\",\"@id\":\"https:\/\/www.bawer.it\/fr\/product\/boite-a-outils-serie-2-v23\/#primaryimage\",\"url\":\"https:\/\/www.bawer.it\/wp-content\/uploads\/2025\/07\/v23-1-scaled.png\",\"contentUrl\":\"https:\/\/www.bawer.it\/wp-content\/uploads\/2025\/07\/v23-1-scaled.png\",\"width\":2560,\"height\":2560},{\"@type\":\"BreadcrumbList\",\"@id\":\"https:\/\/www.bawer.it\/fr\/product\/boite-a-outils-serie-2-v23\/#breadcrumb\",\"itemListElement\":[{\"@type\":\"ListItem\",\"position\":1,\"name\":\"Home\",\"item\":\"https:\/\/www.bawer.it\/fr\/\"},{\"@type\":\"ListItem\",\"position\":2,\"name\":\"V23\"}]},{\"@type\":\"WebSite\",\"@id\":\"https:\/\/www.bawer.it\/#website\",\"url\":\"https:\/\/www.bawer.it\/\",\"name\":\"Bawer\",\"description\":\"Con\u00e7oit et fabrique des produits pour les industries automobile, m\u00e9dicale et mus\u00e9ale.\",\"publisher\":{\"@id\":\"https:\/\/www.bawer.it\/#organization\"},\"potentialAction\":[{\"@type\":\"SearchAction\",\"target\":{\"@type\":\"EntryPoint\",\"urlTemplate\":\"https:\/\/www.bawer.it\/?s={search_term_string}\"},\"query-input\":{\"@type\":\"PropertyValueSpecification\",\"valueRequired\":true,\"valueName\":\"search_term_string\"}}],\"inLanguage\":\"fr-FR\"},{\"@type\":\"Organization\",\"@id\":\"https:\/\/www.bawer.it\/#organization\",\"name\":\"Bawer\",\"url\":\"https:\/\/www.bawer.it\/\",\"logo\":{\"@type\":\"ImageObject\",\"inLanguage\":\"fr-FR\",\"@id\":\"https:\/\/www.bawer.it\/#\/schema\/logo\/image\/\",\"url\":\"https:\/\/www.bawer.it\/wp-content\/uploads\/2025\/07\/bw-scaled.jpg\",\"contentUrl\":\"https:\/\/www.bawer.it\/wp-content\/uploads\/2025\/07\/bw-scaled.jpg\",\"width\":2560,\"height\":1344,\"caption\":\"Bawer\"},\"image\":{\"@id\":\"https:\/\/www.bawer.it\/#\/schema\/logo\/image\/\"},\"sameAs\":[\"https:\/\/www.facebook.com\/Bawerspa1\",\"https:\/\/linkedin.com\/company\/bawer-s.p.a.\",\"https:\/\/www.youtube.com\/channel\/UCpKl8FsDknpPLOWyf3hA0IA\",\"https:\/\/www.instagram.com\/bawer_spa\/\"]}]}<\/script>\n<!-- \/ Yoast SEO plugin. -->","yoast_head_json":{"title":"V23 &#8212; Bawer","robots":{"index":"index","follow":"follow","max-snippet":"max-snippet:-1","max-image-preview":"max-image-preview:large","max-video-preview":"max-video-preview:-1"},"canonical":"https:\/\/www.bawer.it\/fr\/product\/boite-a-outils-serie-2-v23\/","og_locale":"fr_FR","og_type":"article","og_title":"V23 &#8212; Bawer","og_url":"https:\/\/www.bawer.it\/fr\/product\/boite-a-outils-serie-2-v23\/","og_site_name":"Bawer","article_publisher":"https:\/\/www.facebook.com\/Bawerspa1","article_modified_time":"2026-03-25T13:30:26+00:00","og_image":[{"width":2560,"height":2560,"url":"https:\/\/www.bawer.it\/wp-content\/uploads\/2025\/07\/v23-1-scaled.png","type":"image\/png"}],"twitter_card":"summary_large_image","twitter_misc":{"Dur\u00e9e de lecture estim\u00e9e":"1 minute"},"schema":{"@context":"https:\/\/schema.org","@graph":[{"@type":"WebPage","@id":"https:\/\/www.bawer.it\/fr\/product\/boite-a-outils-serie-2-v23\/","url":"https:\/\/www.bawer.it\/fr\/product\/boite-a-outils-serie-2-v23\/","name":"V23 &#8212; Bawer","isPartOf":{"@id":"https:\/\/www.bawer.it\/#website"},"primaryImageOfPage":{"@id":"https:\/\/www.bawer.it\/fr\/product\/boite-a-outils-serie-2-v23\/#primaryimage"},"image":{"@id":"https:\/\/www.bawer.it\/fr\/product\/boite-a-outils-serie-2-v23\/#primaryimage"},"thumbnailUrl":"https:\/\/www.bawer.it\/wp-content\/uploads\/2025\/07\/v23-1-scaled.png","datePublished":"2025-07-18T14:50:52+00:00","dateModified":"2026-03-25T13:30:26+00:00","breadcrumb":{"@id":"https:\/\/www.bawer.it\/fr\/product\/boite-a-outils-serie-2-v23\/#breadcrumb"},"inLanguage":"fr-FR","potentialAction":[{"@type":"ReadAction","target":["https:\/\/www.bawer.it\/fr\/product\/boite-a-outils-serie-2-v23\/"]}]},{"@type":"ImageObject","inLanguage":"fr-FR","@id":"https:\/\/www.bawer.it\/fr\/product\/boite-a-outils-serie-2-v23\/#primaryimage","url":"https:\/\/www.bawer.it\/wp-content\/uploads\/2025\/07\/v23-1-scaled.png","contentUrl":"https:\/\/www.bawer.it\/wp-content\/uploads\/2025\/07\/v23-1-scaled.png","width":2560,"height":2560},{"@type":"BreadcrumbList","@id":"https:\/\/www.bawer.it\/fr\/product\/boite-a-outils-serie-2-v23\/#breadcrumb","itemListElement":[{"@type":"ListItem","position":1,"name":"Home","item":"https:\/\/www.bawer.it\/fr\/"},{"@type":"ListItem","position":2,"name":"V23"}]},{"@type":"WebSite","@id":"https:\/\/www.bawer.it\/#website","url":"https:\/\/www.bawer.it\/","name":"Bawer","description":"Con\u00e7oit et fabrique des produits pour les industries automobile, m\u00e9dicale et mus\u00e9ale.","publisher":{"@id":"https:\/\/www.bawer.it\/#organization"},"potentialAction":[{"@type":"SearchAction","target":{"@type":"EntryPoint","urlTemplate":"https:\/\/www.bawer.it\/?s={search_term_string}"},"query-input":{"@type":"PropertyValueSpecification","valueRequired":true,"valueName":"search_term_string"}}],"inLanguage":"fr-FR"},{"@type":"Organization","@id":"https:\/\/www.bawer.it\/#organization","name":"Bawer","url":"https:\/\/www.bawer.it\/","logo":{"@type":"ImageObject","inLanguage":"fr-FR","@id":"https:\/\/www.bawer.it\/#\/schema\/logo\/image\/","url":"https:\/\/www.bawer.it\/wp-content\/uploads\/2025\/07\/bw-scaled.jpg","contentUrl":"https:\/\/www.bawer.it\/wp-content\/uploads\/2025\/07\/bw-scaled.jpg","width":2560,"height":1344,"caption":"Bawer"},"image":{"@id":"https:\/\/www.bawer.it\/#\/schema\/logo\/image\/"},"sameAs":["https:\/\/www.facebook.com\/Bawerspa1","https:\/\/linkedin.com\/company\/bawer-s.p.a.","https:\/\/www.youtube.com\/channel\/UCpKl8FsDknpPLOWyf3hA0IA","https:\/\/www.instagram.com\/bawer_spa\/"]}]}},"_links":{"self":[{"href":"https:\/\/www.bawer.it\/fr\/wp-json\/wp\/v2\/product\/32373","targetHints":{"allow":["GET"]}}],"collection":[{"href":"https:\/\/www.bawer.it\/fr\/wp-json\/wp\/v2\/product"}],"about":[{"href":"https:\/\/www.bawer.it\/fr\/wp-json\/wp\/v2\/types\/product"}],"version-history":[{"count":2,"href":"https:\/\/www.bawer.it\/fr\/wp-json\/wp\/v2\/product\/32373\/revisions"}],"predecessor-version":[{"id":38202,"href":"https:\/\/www.bawer.it\/fr\/wp-json\/wp\/v2\/product\/32373\/revisions\/38202"}],"wp:featuredmedia":[{"embeddable":true,"href":"https:\/\/www.bawer.it\/fr\/wp-json\/wp\/v2\/media\/38196"}],"wp:attachment":[{"href":"https:\/\/www.bawer.it\/fr\/wp-json\/wp\/v2\/media?parent=32373"}],"wp:term":[{"taxonomy":"product-master","embeddable":true,"href":"https:\/\/www.bawer.it\/fr\/wp-json\/wp\/v2\/product-master?post=32373"},{"taxonomy":"product-material","embeddable":true,"href":"https:\/\/www.bawer.it\/fr\/wp-json\/wp\/v2\/product-material?post=32373"}],"curies":[{"name":"wp","href":"https:\/\/api.w.org\/{rel}","templated":true}]}}