{"id":32362,"date":"2025-07-18T16:50:57","date_gmt":"2025-07-18T14:50:57","guid":{"rendered":"https:\/\/www.bawer.it\/product\/boite-a-marches\/"},"modified":"2026-03-25T10:30:27","modified_gmt":"2026-03-25T08:30:27","slug":"boite-a-marches","status":"publish","type":"product","link":"https:\/\/www.bawer.it\/fr\/product\/boite-a-marches\/","title":{"rendered":"Bo\u00eete \u00e0 marches"},"content":{"rendered":"","protected":false},"featured_media":38009,"menu_order":774,"template":"","meta":{"_acf_changed":false,"inline_featured_image":false,"footnotes":""},"product-master":[242,502],"product-material":[149],"class_list":["post-32362","product","type-product","status-publish","has-post-thumbnail","hentry","product-master-tailored-toolbox","product-master-step-box","product-material-metal"],"acf":[],"yoast_head":"<!-- This site is optimized with the Yoast SEO plugin v27.0 - https:\/\/yoast.com\/product\/yoast-seo-wordpress\/ -->\n<title>Bo\u00eete \u00e0 marches &#8212; Bawer<\/title>\n<meta name=\"description\" content=\"C&#039;est la solution id\u00e9ale pour les v\u00e9hicules industriels et commerciaux n\u00e9cessitant un acc\u00e8s s\u00e9curis\u00e9 au sol.\" \/>\n<meta name=\"robots\" content=\"index, follow, max-snippet:-1, max-image-preview:large, max-video-preview:-1\" \/>\n<link rel=\"canonical\" href=\"https:\/\/www.bawer.it\/fr\/product\/boite-a-marches\/\" \/>\n<meta property=\"og:locale\" content=\"fr_FR\" \/>\n<meta property=\"og:type\" content=\"article\" \/>\n<meta property=\"og:title\" content=\"Bo\u00eete \u00e0 marches &#8212; Bawer\" \/>\n<meta property=\"og:description\" content=\"C&#039;est la solution id\u00e9ale pour les v\u00e9hicules industriels et commerciaux n\u00e9cessitant un acc\u00e8s s\u00e9curis\u00e9 au sol.\" \/>\n<meta property=\"og:url\" content=\"https:\/\/www.bawer.it\/fr\/product\/boite-a-marches\/\" \/>\n<meta property=\"og:site_name\" content=\"Bawer\" \/>\n<meta property=\"article:publisher\" content=\"https:\/\/www.facebook.com\/Bawerspa1\" \/>\n<meta property=\"article:modified_time\" content=\"2026-03-25T08:30:27+00:00\" \/>\n<meta property=\"og:image\" content=\"https:\/\/www.bawer.it\/wp-content\/uploads\/2025\/07\/Step-Box_chiuso-scaled.png\" \/>\n\t<meta property=\"og:image:width\" content=\"2560\" \/>\n\t<meta property=\"og:image:height\" content=\"2560\" \/>\n\t<meta property=\"og:image:type\" content=\"image\/png\" \/>\n<meta name=\"twitter:card\" content=\"summary_large_image\" \/>\n<meta name=\"twitter:label1\" content=\"Dur\u00e9e de lecture estim\u00e9e\" \/>\n\t<meta name=\"twitter:data1\" content=\"1 minute\" \/>\n<script type=\"application\/ld+json\" class=\"yoast-schema-graph\">{\"@context\":\"https:\/\/schema.org\",\"@graph\":[{\"@type\":\"WebPage\",\"@id\":\"https:\/\/www.bawer.it\/fr\/product\/boite-a-marches\/\",\"url\":\"https:\/\/www.bawer.it\/fr\/product\/boite-a-marches\/\",\"name\":\"Bo\u00eete \u00e0 marches &#8212; Bawer\",\"isPartOf\":{\"@id\":\"https:\/\/www.bawer.it\/#website\"},\"primaryImageOfPage\":{\"@id\":\"https:\/\/www.bawer.it\/fr\/product\/boite-a-marches\/#primaryimage\"},\"image\":{\"@id\":\"https:\/\/www.bawer.it\/fr\/product\/boite-a-marches\/#primaryimage\"},\"thumbnailUrl\":\"https:\/\/www.bawer.it\/wp-content\/uploads\/2025\/07\/Step-Box_chiuso-scaled.png\",\"datePublished\":\"2025-07-18T14:50:57+00:00\",\"dateModified\":\"2026-03-25T08:30:27+00:00\",\"description\":\"C'est la solution id\u00e9ale pour les v\u00e9hicules industriels et commerciaux n\u00e9cessitant un acc\u00e8s s\u00e9curis\u00e9 au sol.\",\"breadcrumb\":{\"@id\":\"https:\/\/www.bawer.it\/fr\/product\/boite-a-marches\/#breadcrumb\"},\"inLanguage\":\"fr-FR\",\"potentialAction\":[{\"@type\":\"ReadAction\",\"target\":[\"https:\/\/www.bawer.it\/fr\/product\/boite-a-marches\/\"]}]},{\"@type\":\"ImageObject\",\"inLanguage\":\"fr-FR\",\"@id\":\"https:\/\/www.bawer.it\/fr\/product\/boite-a-marches\/#primaryimage\",\"url\":\"https:\/\/www.bawer.it\/wp-content\/uploads\/2025\/07\/Step-Box_chiuso-scaled.png\",\"contentUrl\":\"https:\/\/www.bawer.it\/wp-content\/uploads\/2025\/07\/Step-Box_chiuso-scaled.png\",\"width\":2560,\"height\":2560},{\"@type\":\"BreadcrumbList\",\"@id\":\"https:\/\/www.bawer.it\/fr\/product\/boite-a-marches\/#breadcrumb\",\"itemListElement\":[{\"@type\":\"ListItem\",\"position\":1,\"name\":\"Home\",\"item\":\"https:\/\/www.bawer.it\/fr\/\"},{\"@type\":\"ListItem\",\"position\":2,\"name\":\"Bo\u00eete \u00e0 marches\"}]},{\"@type\":\"WebSite\",\"@id\":\"https:\/\/www.bawer.it\/#website\",\"url\":\"https:\/\/www.bawer.it\/\",\"name\":\"Bawer\",\"description\":\"Con\u00e7oit et fabrique des produits pour les industries automobile, m\u00e9dicale et mus\u00e9ale.\",\"publisher\":{\"@id\":\"https:\/\/www.bawer.it\/#organization\"},\"potentialAction\":[{\"@type\":\"SearchAction\",\"target\":{\"@type\":\"EntryPoint\",\"urlTemplate\":\"https:\/\/www.bawer.it\/?s={search_term_string}\"},\"query-input\":{\"@type\":\"PropertyValueSpecification\",\"valueRequired\":true,\"valueName\":\"search_term_string\"}}],\"inLanguage\":\"fr-FR\"},{\"@type\":\"Organization\",\"@id\":\"https:\/\/www.bawer.it\/#organization\",\"name\":\"Bawer\",\"url\":\"https:\/\/www.bawer.it\/\",\"logo\":{\"@type\":\"ImageObject\",\"inLanguage\":\"fr-FR\",\"@id\":\"https:\/\/www.bawer.it\/#\/schema\/logo\/image\/\",\"url\":\"https:\/\/www.bawer.it\/wp-content\/uploads\/2025\/07\/bw-scaled.jpg\",\"contentUrl\":\"https:\/\/www.bawer.it\/wp-content\/uploads\/2025\/07\/bw-scaled.jpg\",\"width\":2560,\"height\":1344,\"caption\":\"Bawer\"},\"image\":{\"@id\":\"https:\/\/www.bawer.it\/#\/schema\/logo\/image\/\"},\"sameAs\":[\"https:\/\/www.facebook.com\/Bawerspa1\",\"https:\/\/linkedin.com\/company\/bawer-s.p.a.\",\"https:\/\/www.youtube.com\/channel\/UCpKl8FsDknpPLOWyf3hA0IA\",\"https:\/\/www.instagram.com\/bawer_spa\/\"]}]}<\/script>\n<!-- \/ Yoast SEO plugin. -->","yoast_head_json":{"title":"Bo\u00eete \u00e0 marches &#8212; Bawer","description":"C'est la solution id\u00e9ale pour les v\u00e9hicules industriels et commerciaux n\u00e9cessitant un acc\u00e8s s\u00e9curis\u00e9 au sol.","robots":{"index":"index","follow":"follow","max-snippet":"max-snippet:-1","max-image-preview":"max-image-preview:large","max-video-preview":"max-video-preview:-1"},"canonical":"https:\/\/www.bawer.it\/fr\/product\/boite-a-marches\/","og_locale":"fr_FR","og_type":"article","og_title":"Bo\u00eete \u00e0 marches &#8212; Bawer","og_description":"C'est la solution id\u00e9ale pour les v\u00e9hicules industriels et commerciaux n\u00e9cessitant un acc\u00e8s s\u00e9curis\u00e9 au sol.","og_url":"https:\/\/www.bawer.it\/fr\/product\/boite-a-marches\/","og_site_name":"Bawer","article_publisher":"https:\/\/www.facebook.com\/Bawerspa1","article_modified_time":"2026-03-25T08:30:27+00:00","og_image":[{"width":2560,"height":2560,"url":"https:\/\/www.bawer.it\/wp-content\/uploads\/2025\/07\/Step-Box_chiuso-scaled.png","type":"image\/png"}],"twitter_card":"summary_large_image","twitter_misc":{"Dur\u00e9e de lecture estim\u00e9e":"1 minute"},"schema":{"@context":"https:\/\/schema.org","@graph":[{"@type":"WebPage","@id":"https:\/\/www.bawer.it\/fr\/product\/boite-a-marches\/","url":"https:\/\/www.bawer.it\/fr\/product\/boite-a-marches\/","name":"Bo\u00eete \u00e0 marches &#8212; Bawer","isPartOf":{"@id":"https:\/\/www.bawer.it\/#website"},"primaryImageOfPage":{"@id":"https:\/\/www.bawer.it\/fr\/product\/boite-a-marches\/#primaryimage"},"image":{"@id":"https:\/\/www.bawer.it\/fr\/product\/boite-a-marches\/#primaryimage"},"thumbnailUrl":"https:\/\/www.bawer.it\/wp-content\/uploads\/2025\/07\/Step-Box_chiuso-scaled.png","datePublished":"2025-07-18T14:50:57+00:00","dateModified":"2026-03-25T08:30:27+00:00","description":"C'est la solution id\u00e9ale pour les v\u00e9hicules industriels et commerciaux n\u00e9cessitant un acc\u00e8s s\u00e9curis\u00e9 au sol.","breadcrumb":{"@id":"https:\/\/www.bawer.it\/fr\/product\/boite-a-marches\/#breadcrumb"},"inLanguage":"fr-FR","potentialAction":[{"@type":"ReadAction","target":["https:\/\/www.bawer.it\/fr\/product\/boite-a-marches\/"]}]},{"@type":"ImageObject","inLanguage":"fr-FR","@id":"https:\/\/www.bawer.it\/fr\/product\/boite-a-marches\/#primaryimage","url":"https:\/\/www.bawer.it\/wp-content\/uploads\/2025\/07\/Step-Box_chiuso-scaled.png","contentUrl":"https:\/\/www.bawer.it\/wp-content\/uploads\/2025\/07\/Step-Box_chiuso-scaled.png","width":2560,"height":2560},{"@type":"BreadcrumbList","@id":"https:\/\/www.bawer.it\/fr\/product\/boite-a-marches\/#breadcrumb","itemListElement":[{"@type":"ListItem","position":1,"name":"Home","item":"https:\/\/www.bawer.it\/fr\/"},{"@type":"ListItem","position":2,"name":"Bo\u00eete \u00e0 marches"}]},{"@type":"WebSite","@id":"https:\/\/www.bawer.it\/#website","url":"https:\/\/www.bawer.it\/","name":"Bawer","description":"Con\u00e7oit et fabrique des produits pour les industries automobile, m\u00e9dicale et mus\u00e9ale.","publisher":{"@id":"https:\/\/www.bawer.it\/#organization"},"potentialAction":[{"@type":"SearchAction","target":{"@type":"EntryPoint","urlTemplate":"https:\/\/www.bawer.it\/?s={search_term_string}"},"query-input":{"@type":"PropertyValueSpecification","valueRequired":true,"valueName":"search_term_string"}}],"inLanguage":"fr-FR"},{"@type":"Organization","@id":"https:\/\/www.bawer.it\/#organization","name":"Bawer","url":"https:\/\/www.bawer.it\/","logo":{"@type":"ImageObject","inLanguage":"fr-FR","@id":"https:\/\/www.bawer.it\/#\/schema\/logo\/image\/","url":"https:\/\/www.bawer.it\/wp-content\/uploads\/2025\/07\/bw-scaled.jpg","contentUrl":"https:\/\/www.bawer.it\/wp-content\/uploads\/2025\/07\/bw-scaled.jpg","width":2560,"height":1344,"caption":"Bawer"},"image":{"@id":"https:\/\/www.bawer.it\/#\/schema\/logo\/image\/"},"sameAs":["https:\/\/www.facebook.com\/Bawerspa1","https:\/\/linkedin.com\/company\/bawer-s.p.a.","https:\/\/www.youtube.com\/channel\/UCpKl8FsDknpPLOWyf3hA0IA","https:\/\/www.instagram.com\/bawer_spa\/"]}]}},"_links":{"self":[{"href":"https:\/\/www.bawer.it\/fr\/wp-json\/wp\/v2\/product\/32362","targetHints":{"allow":["GET"]}}],"collection":[{"href":"https:\/\/www.bawer.it\/fr\/wp-json\/wp\/v2\/product"}],"about":[{"href":"https:\/\/www.bawer.it\/fr\/wp-json\/wp\/v2\/types\/product"}],"version-history":[{"count":3,"href":"https:\/\/www.bawer.it\/fr\/wp-json\/wp\/v2\/product\/32362\/revisions"}],"predecessor-version":[{"id":38106,"href":"https:\/\/www.bawer.it\/fr\/wp-json\/wp\/v2\/product\/32362\/revisions\/38106"}],"wp:featuredmedia":[{"embeddable":true,"href":"https:\/\/www.bawer.it\/fr\/wp-json\/wp\/v2\/media\/38009"}],"wp:attachment":[{"href":"https:\/\/www.bawer.it\/fr\/wp-json\/wp\/v2\/media?parent=32362"}],"wp:term":[{"taxonomy":"product-master","embeddable":true,"href":"https:\/\/www.bawer.it\/fr\/wp-json\/wp\/v2\/product-master?post=32362"},{"taxonomy":"product-material","embeddable":true,"href":"https:\/\/www.bawer.it\/fr\/wp-json\/wp\/v2\/product-material?post=32362"}],"curies":[{"name":"wp","href":"https:\/\/api.w.org\/{rel}","templated":true}]}}