{"id":32751,"date":"2025-07-18T16:53:03","date_gmt":"2025-07-18T14:53:03","guid":{"rendered":"https:\/\/www.bawer.it\/product\/v257\/"},"modified":"2026-01-23T16:09:12","modified_gmt":"2026-01-23T14:09:12","slug":"v257","status":"publish","type":"product","link":"https:\/\/www.bawer.it\/de\/product\/v257\/","title":{"rendered":"Palettenwagenbox V257"},"content":{"rendered":"","protected":false},"featured_media":32753,"menu_order":651,"template":"","meta":{"_acf_changed":false,"inline_featured_image":false,"footnotes":""},"product-master":[266],"product-material":[155],"class_list":["post-32751","product","type-product","status-publish","has-post-thumbnail","hentry","product-master-palettenhubwagen","product-material-metall"],"acf":[],"yoast_head":"<!-- This site is optimized with the Yoast SEO plugin v27.0 - https:\/\/yoast.com\/product\/yoast-seo-wordpress\/ -->\n<title>Palettenwagenbox V257 &#8212; Bawer<\/title>\n<meta name=\"description\" content=\"Ist eine mobile Plattform, die das Be- und Entladen sowie den Transport von gro\u00dfen Ger\u00e4ten und Containern erleichtert. Gefertigt aus hochfestem Stahl und ausgestattet mit robusten R\u00e4dern.\" \/>\n<meta name=\"robots\" content=\"index, follow, max-snippet:-1, max-image-preview:large, max-video-preview:-1\" \/>\n<link rel=\"canonical\" href=\"https:\/\/www.bawer.it\/de\/product\/v257\/\" \/>\n<meta property=\"og:locale\" content=\"de_DE\" \/>\n<meta property=\"og:type\" content=\"article\" \/>\n<meta property=\"og:title\" content=\"Palettenwagenbox V257 &#8212; Bawer\" \/>\n<meta property=\"og:description\" content=\"Ist eine mobile Plattform, die das Be- und Entladen sowie den Transport von gro\u00dfen Ger\u00e4ten und Containern erleichtert. Gefertigt aus hochfestem Stahl und ausgestattet mit robusten R\u00e4dern.\" \/>\n<meta property=\"og:url\" content=\"https:\/\/www.bawer.it\/de\/product\/v257\/\" \/>\n<meta property=\"og:site_name\" content=\"Bawer\" \/>\n<meta property=\"article:publisher\" content=\"https:\/\/www.facebook.com\/Bawerspa1\" \/>\n<meta property=\"article:modified_time\" content=\"2026-01-23T14:09:12+00:00\" \/>\n<meta property=\"og:image\" content=\"https:\/\/www.bawer.it\/wp-content\/uploads\/2023\/05\/V257_Black_Closed.png\" \/>\n\t<meta property=\"og:image:width\" content=\"936\" \/>\n\t<meta property=\"og:image:height\" content=\"936\" \/>\n\t<meta property=\"og:image:type\" content=\"image\/png\" \/>\n<meta name=\"twitter:card\" content=\"summary_large_image\" \/>\n<meta name=\"twitter:label1\" content=\"Gesch\u00e4tzte Lesezeit\" \/>\n\t<meta name=\"twitter:data1\" content=\"1\u00a0Minute\" \/>\n<script type=\"application\/ld+json\" class=\"yoast-schema-graph\">{\"@context\":\"https:\/\/schema.org\",\"@graph\":[{\"@type\":\"WebPage\",\"@id\":\"https:\/\/www.bawer.it\/de\/product\/v257\/\",\"url\":\"https:\/\/www.bawer.it\/de\/product\/v257\/\",\"name\":\"Palettenwagenbox V257 &#8212; Bawer\",\"isPartOf\":{\"@id\":\"https:\/\/www.bawer.it\/#website\"},\"primaryImageOfPage\":{\"@id\":\"https:\/\/www.bawer.it\/de\/product\/v257\/#primaryimage\"},\"image\":{\"@id\":\"https:\/\/www.bawer.it\/de\/product\/v257\/#primaryimage\"},\"thumbnailUrl\":\"https:\/\/www.bawer.it\/wp-content\/uploads\/2023\/05\/V257_Black_Closed.png\",\"datePublished\":\"2025-07-18T14:53:03+00:00\",\"dateModified\":\"2026-01-23T14:09:12+00:00\",\"description\":\"Ist eine mobile Plattform, die das Be- und Entladen sowie den Transport von gro\u00dfen Ger\u00e4ten und Containern erleichtert. Gefertigt aus hochfestem Stahl und ausgestattet mit robusten R\u00e4dern.\",\"breadcrumb\":{\"@id\":\"https:\/\/www.bawer.it\/de\/product\/v257\/#breadcrumb\"},\"inLanguage\":\"de\",\"potentialAction\":[{\"@type\":\"ReadAction\",\"target\":[\"https:\/\/www.bawer.it\/de\/product\/v257\/\"]}]},{\"@type\":\"ImageObject\",\"inLanguage\":\"de\",\"@id\":\"https:\/\/www.bawer.it\/de\/product\/v257\/#primaryimage\",\"url\":\"https:\/\/www.bawer.it\/wp-content\/uploads\/2023\/05\/V257_Black_Closed.png\",\"contentUrl\":\"https:\/\/www.bawer.it\/wp-content\/uploads\/2023\/05\/V257_Black_Closed.png\",\"width\":936,\"height\":936},{\"@type\":\"BreadcrumbList\",\"@id\":\"https:\/\/www.bawer.it\/de\/product\/v257\/#breadcrumb\",\"itemListElement\":[{\"@type\":\"ListItem\",\"position\":1,\"name\":\"Home\",\"item\":\"https:\/\/www.bawer.it\/de\/\"},{\"@type\":\"ListItem\",\"position\":2,\"name\":\"Palettenwagenbox V257\"}]},{\"@type\":\"WebSite\",\"@id\":\"https:\/\/www.bawer.it\/#website\",\"url\":\"https:\/\/www.bawer.it\/\",\"name\":\"Bawer\",\"description\":\"Entwickelt und fertigt Produkte f\u00fcr die Automobil-, Medizin- und Museumsbranche.\",\"publisher\":{\"@id\":\"https:\/\/www.bawer.it\/#organization\"},\"potentialAction\":[{\"@type\":\"SearchAction\",\"target\":{\"@type\":\"EntryPoint\",\"urlTemplate\":\"https:\/\/www.bawer.it\/?s={search_term_string}\"},\"query-input\":{\"@type\":\"PropertyValueSpecification\",\"valueRequired\":true,\"valueName\":\"search_term_string\"}}],\"inLanguage\":\"de\"},{\"@type\":\"Organization\",\"@id\":\"https:\/\/www.bawer.it\/#organization\",\"name\":\"Bawer\",\"url\":\"https:\/\/www.bawer.it\/\",\"logo\":{\"@type\":\"ImageObject\",\"inLanguage\":\"de\",\"@id\":\"https:\/\/www.bawer.it\/#\/schema\/logo\/image\/\",\"url\":\"https:\/\/www.bawer.it\/wp-content\/uploads\/2025\/07\/bw-scaled.jpg\",\"contentUrl\":\"https:\/\/www.bawer.it\/wp-content\/uploads\/2025\/07\/bw-scaled.jpg\",\"width\":2560,\"height\":1344,\"caption\":\"Bawer\"},\"image\":{\"@id\":\"https:\/\/www.bawer.it\/#\/schema\/logo\/image\/\"},\"sameAs\":[\"https:\/\/www.facebook.com\/Bawerspa1\",\"https:\/\/linkedin.com\/company\/bawer-s.p.a.\",\"https:\/\/www.youtube.com\/channel\/UCpKl8FsDknpPLOWyf3hA0IA\",\"https:\/\/www.instagram.com\/bawer_spa\/\"]}]}<\/script>\n<!-- \/ Yoast SEO plugin. -->","yoast_head_json":{"title":"Palettenwagenbox V257 &#8212; Bawer","description":"Ist eine mobile Plattform, die das Be- und Entladen sowie den Transport von gro\u00dfen Ger\u00e4ten und Containern erleichtert. Gefertigt aus hochfestem Stahl und ausgestattet mit robusten R\u00e4dern.","robots":{"index":"index","follow":"follow","max-snippet":"max-snippet:-1","max-image-preview":"max-image-preview:large","max-video-preview":"max-video-preview:-1"},"canonical":"https:\/\/www.bawer.it\/de\/product\/v257\/","og_locale":"de_DE","og_type":"article","og_title":"Palettenwagenbox V257 &#8212; Bawer","og_description":"Ist eine mobile Plattform, die das Be- und Entladen sowie den Transport von gro\u00dfen Ger\u00e4ten und Containern erleichtert. Gefertigt aus hochfestem Stahl und ausgestattet mit robusten R\u00e4dern.","og_url":"https:\/\/www.bawer.it\/de\/product\/v257\/","og_site_name":"Bawer","article_publisher":"https:\/\/www.facebook.com\/Bawerspa1","article_modified_time":"2026-01-23T14:09:12+00:00","og_image":[{"width":936,"height":936,"url":"https:\/\/www.bawer.it\/wp-content\/uploads\/2023\/05\/V257_Black_Closed.png","type":"image\/png"}],"twitter_card":"summary_large_image","twitter_misc":{"Gesch\u00e4tzte Lesezeit":"1\u00a0Minute"},"schema":{"@context":"https:\/\/schema.org","@graph":[{"@type":"WebPage","@id":"https:\/\/www.bawer.it\/de\/product\/v257\/","url":"https:\/\/www.bawer.it\/de\/product\/v257\/","name":"Palettenwagenbox V257 &#8212; Bawer","isPartOf":{"@id":"https:\/\/www.bawer.it\/#website"},"primaryImageOfPage":{"@id":"https:\/\/www.bawer.it\/de\/product\/v257\/#primaryimage"},"image":{"@id":"https:\/\/www.bawer.it\/de\/product\/v257\/#primaryimage"},"thumbnailUrl":"https:\/\/www.bawer.it\/wp-content\/uploads\/2023\/05\/V257_Black_Closed.png","datePublished":"2025-07-18T14:53:03+00:00","dateModified":"2026-01-23T14:09:12+00:00","description":"Ist eine mobile Plattform, die das Be- und Entladen sowie den Transport von gro\u00dfen Ger\u00e4ten und Containern erleichtert. Gefertigt aus hochfestem Stahl und ausgestattet mit robusten R\u00e4dern.","breadcrumb":{"@id":"https:\/\/www.bawer.it\/de\/product\/v257\/#breadcrumb"},"inLanguage":"de","potentialAction":[{"@type":"ReadAction","target":["https:\/\/www.bawer.it\/de\/product\/v257\/"]}]},{"@type":"ImageObject","inLanguage":"de","@id":"https:\/\/www.bawer.it\/de\/product\/v257\/#primaryimage","url":"https:\/\/www.bawer.it\/wp-content\/uploads\/2023\/05\/V257_Black_Closed.png","contentUrl":"https:\/\/www.bawer.it\/wp-content\/uploads\/2023\/05\/V257_Black_Closed.png","width":936,"height":936},{"@type":"BreadcrumbList","@id":"https:\/\/www.bawer.it\/de\/product\/v257\/#breadcrumb","itemListElement":[{"@type":"ListItem","position":1,"name":"Home","item":"https:\/\/www.bawer.it\/de\/"},{"@type":"ListItem","position":2,"name":"Palettenwagenbox V257"}]},{"@type":"WebSite","@id":"https:\/\/www.bawer.it\/#website","url":"https:\/\/www.bawer.it\/","name":"Bawer","description":"Entwickelt und fertigt Produkte f\u00fcr die Automobil-, Medizin- und Museumsbranche.","publisher":{"@id":"https:\/\/www.bawer.it\/#organization"},"potentialAction":[{"@type":"SearchAction","target":{"@type":"EntryPoint","urlTemplate":"https:\/\/www.bawer.it\/?s={search_term_string}"},"query-input":{"@type":"PropertyValueSpecification","valueRequired":true,"valueName":"search_term_string"}}],"inLanguage":"de"},{"@type":"Organization","@id":"https:\/\/www.bawer.it\/#organization","name":"Bawer","url":"https:\/\/www.bawer.it\/","logo":{"@type":"ImageObject","inLanguage":"de","@id":"https:\/\/www.bawer.it\/#\/schema\/logo\/image\/","url":"https:\/\/www.bawer.it\/wp-content\/uploads\/2025\/07\/bw-scaled.jpg","contentUrl":"https:\/\/www.bawer.it\/wp-content\/uploads\/2025\/07\/bw-scaled.jpg","width":2560,"height":1344,"caption":"Bawer"},"image":{"@id":"https:\/\/www.bawer.it\/#\/schema\/logo\/image\/"},"sameAs":["https:\/\/www.facebook.com\/Bawerspa1","https:\/\/linkedin.com\/company\/bawer-s.p.a.","https:\/\/www.youtube.com\/channel\/UCpKl8FsDknpPLOWyf3hA0IA","https:\/\/www.instagram.com\/bawer_spa\/"]}]}},"_links":{"self":[{"href":"https:\/\/www.bawer.it\/de\/wp-json\/wp\/v2\/product\/32751","targetHints":{"allow":["GET"]}}],"collection":[{"href":"https:\/\/www.bawer.it\/de\/wp-json\/wp\/v2\/product"}],"about":[{"href":"https:\/\/www.bawer.it\/de\/wp-json\/wp\/v2\/types\/product"}],"version-history":[{"count":4,"href":"https:\/\/www.bawer.it\/de\/wp-json\/wp\/v2\/product\/32751\/revisions"}],"predecessor-version":[{"id":35529,"href":"https:\/\/www.bawer.it\/de\/wp-json\/wp\/v2\/product\/32751\/revisions\/35529"}],"wp:featuredmedia":[{"embeddable":true,"href":"https:\/\/www.bawer.it\/de\/wp-json\/wp\/v2\/media\/32753"}],"wp:attachment":[{"href":"https:\/\/www.bawer.it\/de\/wp-json\/wp\/v2\/media?parent=32751"}],"wp:term":[{"taxonomy":"product-master","embeddable":true,"href":"https:\/\/www.bawer.it\/de\/wp-json\/wp\/v2\/product-master?post=32751"},{"taxonomy":"product-material","embeddable":true,"href":"https:\/\/www.bawer.it\/de\/wp-json\/wp\/v2\/product-material?post=32751"}],"curies":[{"name":"wp","href":"https:\/\/api.w.org\/{rel}","templated":true}]}}